{"id":113,"date":"2016-10-17T13:35:34","date_gmt":"2016-10-17T13:35:34","guid":{"rendered":"http:\/\/www.demo.acmethemes.com\/education-base\/?page_id=27"},"modified":"2020-08-01T01:57:16","modified_gmt":"2020-08-01T01:57:16","slug":"message-from-director","status":"publish","type":"page","link":"https:\/\/ielp.edu.bo\/?page_id=113","title":{"rendered":"RESE\u00d1A HIST\u00d3RICA"},"content":{"rendered":"<p>ANTECEDENTES HIST\u00d3RICOS<\/p>\n<p style=\"text-align: justify;\">El Instituto Tecnol\u00f3gico Industrial Brasil \u2013 Bolivia, fundada como Filial de la Escuela Industrial Superior Pedro Domingo Murillo, y creada bajo la Resoluci\u00f3n Ministerial N\u00ba 010\/2009 con el Denominativo de Escuela Tecnol\u00f3gica \u201cPedro Domingo Murillo\u201d El Alto, a la aprobaci\u00f3n de Proyecto de Implementaci\u00f3n de Equipamiento e Infraestructura por la Rep\u00fablica Federativa de Brasil se hizo el cambio de Raz\u00f3n Social a Centro de Formaci\u00f3n Profesional Brasil \u2013 Bolivia, de acuerdo a la Resoluci\u00f3n Ministerial N\u00ba 486\/2010 y la Dotaci\u00f3n de Uso Exclusivo y permanente del bien inmueble de la Ex f\u00e1brica Nacional de Vidrio Plano&nbsp;&nbsp; a favor del Centro de Formaci\u00f3n Profesional Brasil \u2013 Bolivia, bajo la Resoluci\u00f3n Administrativa Departamental N\u00ba 022\/2012 del Gobierno Aut\u00f3nomo Departamental de La Paz. En cumplimiento a Ley 070 Avelino Si\u00f1ani \u2013 Elizardo P\u00e9rez, en septiembre de 2014 se realiza el cambio de nominaci\u00f3n a Instituto Tecnol\u00f3gico Industrial Brasil Bolivia de acuerdo a Resoluci\u00f3n Ministerial 741\/14, siendo su prop\u00f3sito fundamental desarrollar la Formaci\u00f3n Superior T\u00e9cnica y Tecnol\u00f3gica en el \u00c1rea Industrial y de Servicios para la poblaci\u00f3n de la ciudad de El Alto y poblaciones circundantes.&nbsp; La Instituci\u00f3n Tecnol\u00f3gica cuenta con las carreras de: Construcci\u00f3n Civil, Electromec\u00e1nica, Electromedicina, Gas y Petr\u00f3leo, Tecnolog\u00edas Audiovisuales, inform\u00e1tica Industrial, Industria Textil y Confecci\u00f3n y Metalurgia, Fundici\u00f3n y Siderurgia.<\/p>\n<p>MISI\u00d3N<\/p>\n<p style=\"text-align: justify;\">El I.T.I. Brasil Bolivia es una instituci\u00f3n encargada de desarrollar talento humano a trav\u00e9s de la integraci\u00f3n del saber ser, saber conocer y el saber hacer, formando profesionales id\u00f3neos a nivel t\u00e9cnico superior con caracter\u00edsticas de autonom\u00eda, emprendedores, propositivos, innovadores, investigadores, altamente competitivos; trabajadores creativos y socialmente proactivos, con s\u00f3lidos conocimientos T\u00e9cnico, Tecnol\u00f3gicos, Cient\u00edficos, productivos y Valores Socio comunitarios, capaces de responder a las exigencias del sector productivo y a las demandas productivas que el pa\u00eds requiere para el vivir bien.<\/p>\n<p>VISI\u00d3N<\/p>\n<p style=\"text-align: justify;\">\u201cSer una Instituci\u00f3n l\u00edder en la formaci\u00f3n tecnol\u00f3gica industrial y su especializaci\u00f3n, acreditada a nivel regional, nacional e internacional\u201d.<\/p>\n","protected":false},"excerpt":{"rendered":"<p>El Instituto Tecnol\u00f3gico Industrial Brasil \u2013 Bolivia, fundada como Filial de la Escuela Industrial Superior Pedro Domingo Murillo, y creada bajo la Resoluci\u00f3n Ministerial N\u00ba 010\/2009 con el Denominativo de Escuela Tecnol\u00f3gica \u201cPedro Domingo Murillo\u201d El Alto, a la aprobaci\u00f3n de Proyecto de Implementaci\u00f3n de Equipamiento e Infraestructura por la Rep\u00fablica Federativa de Brasil se hizo el cambio de Raz\u00f3n Social a Centro de Formaci\u00f3n Profesional Brasil \u2013 Bolivia, de acuerdo a la Resoluci\u00f3n Ministerial N\u00ba 486\/2010 y la Dotaci\u00f3n de Uso Exclusivo y permanente del bien inmueble de la Ex f\u00e1brica Nacional de Vidrio Plano\u00a0\u00a0 a favor del Centro de Formaci\u00f3n Profesional Brasil \u2013 Bolivia, bajo la Resoluci\u00f3n Administrativa Departamental N\u00ba 022\/2012 del Gobierno Aut\u00f3nomo Departamental de La Paz.<\/p>\n","protected":false},"author":1,"featured_media":280,"parent":0,"menu_order":0,"comment_status":"closed","ping_status":"closed","template":"","meta":{"footnotes":""},"class_list":["post-113","page","type-page","status-publish","has-post-thumbnail","hentry"],"_links":{"self":[{"href":"https:\/\/ielp.edu.bo\/index.php?rest_route=\/wp\/v2\/pages\/113","targetHints":{"allow":["GET"]}}],"collection":[{"href":"https:\/\/ielp.edu.bo\/index.php?rest_route=\/wp\/v2\/pages"}],"about":[{"href":"https:\/\/ielp.edu.bo\/index.php?rest_route=\/wp\/v2\/types\/page"}],"author":[{"embeddable":true,"href":"https:\/\/ielp.edu.bo\/index.php?rest_route=\/wp\/v2\/users\/1"}],"replies":[{"embeddable":true,"href":"https:\/\/ielp.edu.bo\/index.php?rest_route=%2Fwp%2Fv2%2Fcomments&post=113"}],"version-history":[{"count":6,"href":"https:\/\/ielp.edu.bo\/index.php?rest_route=\/wp\/v2\/pages\/113\/revisions"}],"predecessor-version":[{"id":470,"href":"https:\/\/ielp.edu.bo\/index.php?rest_route=\/wp\/v2\/pages\/113\/revisions\/470"}],"wp:featuredmedia":[{"embeddable":true,"href":"https:\/\/ielp.edu.bo\/index.php?rest_route=\/wp\/v2\/media\/280"}],"wp:attachment":[{"href":"https:\/\/ielp.edu.bo\/index.php?rest_route=%2Fwp%2Fv2%2Fmedia&parent=113"}],"curies":[{"name":"wp","href":"https:\/\/api.w.org\/{rel}","templated":true}]}}