{"id":115,"date":"2016-10-17T13:32:23","date_gmt":"2016-10-17T13:32:23","guid":{"rendered":"http:\/\/www.demo.acmethemes.com\/education-base\/?page_id=25"},"modified":"2020-07-31T19:09:16","modified_gmt":"2020-07-31T19:09:16","slug":"literature","status":"publish","type":"page","link":"https:\/\/ielp.edu.bo\/?page_id=115","title":{"rendered":"RECTOR\u00cdA"},"content":{"rendered":"<p style=\"text-align: center;\">Ing. Wilfredo Muruchi Poma<\/p>\n<p style=\"text-align: center;\">RECTOR<\/p>\n<p style=\"text-align: center;\">INSTITUTO TECNOL\u00d3GICO INDUSTRIAL BRASIL &#8211; BOLIVIA<\/p>\n<p>Contactos:<\/p>\n<p>Correo Electr\u00f3nico: wilfredomuruchi@gmail.com<\/p>\n<p>Celular: 68184558<\/p>\n\n\n<p><\/p>\n","protected":false},"excerpt":{"rendered":"<p>M\u00e1xima autoridad acad\u00e9mica del Instituto Tecnol\u00f3gico Industrial Brasil &#8211; Bolivia.<\/p>\n","protected":false},"author":1,"featured_media":298,"parent":0,"menu_order":0,"comment_status":"closed","ping_status":"closed","template":"","meta":{"footnotes":""},"class_list":["post-115","page","type-page","status-publish","has-post-thumbnail","hentry"],"_hostinger_reach_plugin_has_subscription_block":false,"_hostinger_reach_plugin_is_elementor":false,"_links":{"self":[{"href":"https:\/\/ielp.edu.bo\/index.php?rest_route=\/wp\/v2\/pages\/115","targetHints":{"allow":["GET"]}}],"collection":[{"href":"https:\/\/ielp.edu.bo\/index.php?rest_route=\/wp\/v2\/pages"}],"about":[{"href":"https:\/\/ielp.edu.bo\/index.php?rest_route=\/wp\/v2\/types\/page"}],"author":[{"embeddable":true,"href":"https:\/\/ielp.edu.bo\/index.php?rest_route=\/wp\/v2\/users\/1"}],"replies":[{"embeddable":true,"href":"https:\/\/ielp.edu.bo\/index.php?rest_route=%2Fwp%2Fv2%2Fcomments&post=115"}],"version-history":[{"count":2,"href":"https:\/\/ielp.edu.bo\/index.php?rest_route=\/wp\/v2\/pages\/115\/revisions"}],"predecessor-version":[{"id":299,"href":"https:\/\/ielp.edu.bo\/index.php?rest_route=\/wp\/v2\/pages\/115\/revisions\/299"}],"wp:featuredmedia":[{"embeddable":true,"href":"https:\/\/ielp.edu.bo\/index.php?rest_route=\/wp\/v2\/media\/298"}],"wp:attachment":[{"href":"https:\/\/ielp.edu.bo\/index.php?rest_route=%2Fwp%2Fv2%2Fmedia&parent=115"}],"curies":[{"name":"wp","href":"https:\/\/api.w.org\/{rel}","templated":true}]}}