{"id":125,"date":"2016-10-17T13:24:29","date_gmt":"2016-10-17T13:24:29","guid":{"rendered":"http:\/\/www.demo.acmethemes.com\/education-base\/?page_id=14"},"modified":"2020-07-31T19:58:29","modified_gmt":"2020-07-31T19:58:29","slug":"medical","status":"publish","type":"page","link":"https:\/\/ielp.edu.bo\/?page_id=125","title":{"rendered":"CONSTRUCCI\u00d3N CIVIL"},"content":{"rendered":"<p style=\"text-align: center;\">INSTITUTO TECNOL\u00d3GICO INDUSTRIAL BRASIL &#8211; BOLIVIA<\/p>\n<p style=\"text-align: center;\">CARRERA CONSTRUCCI\u00d3N CIVIL<\/p>\n<p>\u00bfQU\u00c9 ES LA CONSTRUCCI\u00d3N CIVIL?<\/p>\n<p style=\"text-align: justify;\">La Construcci\u00f3n Civil es el \u00e1rea de la construcci\u00f3n que se encarga de planificar, ejecutar, dirigir y supervisar seg\u00fan las normas de calidad de un pa\u00eds.<\/p>\n<p>\u00bfQU\u00c9 ES UN T\u00c9CNICO EN CONSTRUCCI\u00d3N CIVIL?<\/p>\n<p style=\"text-align: justify;\">Es un profesional de la construcci\u00f3n con capacidad creativa para planificar, construir, dirigir y fiscalizar las obras de construcci\u00f3n y reconstrucci\u00f3n de los edificios tanto p\u00fablica como privada, conforme a los proyectos y c\u00e1lculos desarrollados.<\/p>\n<p style=\"text-align: justify;\">Es un profesional t\u00e9cnico con dominio de conocimientos en los procesos constructivos, en el empleo de diferentes tipos de materiales, en la aplicaci\u00f3n de nuevas tecnolog\u00edas y en el aprovechamiento y uso eficiente de equipos, maquinarias y herramientas, dentro de un marco de construcci\u00f3n sustentable y de eficiencia energ\u00e9tica.<\/p>\n<p style=\"text-align: justify;\">Posee la habilidad para conducir equipos de trabajo multidisciplinario y est\u00e1 formado para asumir con emprendimiento la creaci\u00f3n y administraci\u00f3n de la empresa constructora.<\/p>\n<p>\u00c1REAS DE DESEMPE\u00d1O<\/p>\n<ul>\n<li>Alcald\u00edas<\/li>\n<li>Sub alcald\u00edas<\/li>\n<li>Gobernaciones<\/li>\n<li>Ministerios<\/li>\n<li>Empresas P\u00fablicas<\/li>\n<li>Empresas Constructoras<\/li>\n<li>Empresas de Servicios<\/li>\n<li>Propia Empresa<\/li>\n<\/ul>\n<p>CAMPO DE DESENVOLVIMIENTO<\/p>\n<ul>\n<li>Construcci\u00f3n de Infraestructura<\/li>\n<li>Construcci\u00f3n de Puentes<\/li>\n<li>Construcci\u00f3n de Caminos<\/li>\n<li>Construcci\u00f3n de Carreteras<\/li>\n<li>Construcci\u00f3n de Instalaciones<\/li>\n<li>Construcci\u00f3n de Sistemas de Agua Potable<\/li>\n<li>Construcci\u00f3n de Sistemas de Riego<\/li>\n<li>Construcci\u00f3n de Alcantarillados<\/li>\n<\/ul>\n<p>\u00c1REAS DE ENSE\u00d1ANZA<\/p>\n<ul>\n<li>Laboratorio de Suelos y Hormigones<\/li>\n<li>Vistas a Obras<\/li>\n<li>Presupuestos de Obra<\/li>\n<li>Procesos Constructivos C\u00e1lculos (Hormigones)<\/li>\n<li>Instalaciones (Sanitarias y El\u00e9ctricas)<\/li>\n<li>Dibujo por Computadora (AutoCad)<\/li>\n<li>Control de Calidad<\/li>\n<\/ul>\n","protected":false},"excerpt":{"rendered":"<p>Carrera de Construcci\u00f3n Civil a nivel T\u00e9cnico Superior con T\u00edtulo en Provisi\u00f3n Nacional.<\/p>\n","protected":false},"author":1,"featured_media":313,"parent":0,"menu_order":0,"comment_status":"closed","ping_status":"closed","template":"","meta":{"footnotes":""},"class_list":["post-125","page","type-page","status-publish","has-post-thumbnail","hentry"],"_links":{"self":[{"href":"https:\/\/ielp.edu.bo\/index.php?rest_route=\/wp\/v2\/pages\/125","targetHints":{"allow":["GET"]}}],"collection":[{"href":"https:\/\/ielp.edu.bo\/index.php?rest_route=\/wp\/v2\/pages"}],"about":[{"href":"https:\/\/ielp.edu.bo\/index.php?rest_route=\/wp\/v2\/types\/page"}],"author":[{"embeddable":true,"href":"https:\/\/ielp.edu.bo\/index.php?rest_route=\/wp\/v2\/users\/1"}],"replies":[{"embeddable":true,"href":"https:\/\/ielp.edu.bo\/index.php?rest_route=%2Fwp%2Fv2%2Fcomments&post=125"}],"version-history":[{"count":7,"href":"https:\/\/ielp.edu.bo\/index.php?rest_route=\/wp\/v2\/pages\/125\/revisions"}],"predecessor-version":[{"id":315,"href":"https:\/\/ielp.edu.bo\/index.php?rest_route=\/wp\/v2\/pages\/125\/revisions\/315"}],"wp:featuredmedia":[{"embeddable":true,"href":"https:\/\/ielp.edu.bo\/index.php?rest_route=\/wp\/v2\/media\/313"}],"wp:attachment":[{"href":"https:\/\/ielp.edu.bo\/index.php?rest_route=%2Fwp%2Fv2%2Fmedia&parent=125"}],"curies":[{"name":"wp","href":"https:\/\/api.w.org\/{rel}","templated":true}]}}