{"id":127,"date":"2016-10-17T13:21:38","date_gmt":"2016-10-17T13:21:38","guid":{"rendered":"http:\/\/www.demo.acmethemes.com\/education-base\/?page_id=12"},"modified":"2020-08-03T20:12:09","modified_gmt":"2020-08-03T20:12:09","slug":"engineering","status":"publish","type":"page","link":"https:\/\/ielp.edu.bo\/?page_id=127","title":{"rendered":"ELECTROMEC\u00c1NICA"},"content":{"rendered":"<p style=\"text-align: center;\">INSTITUTO TECNOL\u00d3GICO INDUSTRIAL BRASIL \u2013 BOLIVIA<\/p>\n<p style=\"text-align: center;\">CARRERA ELECTROMEC\u00c1NICA<\/p>\n<p><strong>PERFIL PROFESIONAL DEL T\u00c9CNICO SUPERIOR EN ELECTROMEC\u00c1NICA<\/strong><\/p>\n<p style=\"text-align: justify;\">El profesional T\u00e9cnico Superior en Electromec\u00e1nica tiene las competencias, capacidades y habilidades para: realizar mantenimiento y montaje de sistemas electromec\u00e1nicos industriales, mecanizar piezas utilizando m\u00e1quinas herramientas (Tornos mec\u00e1nicos, Fresadoras, etc.), operaciones de Soldadura y tratamientos t\u00e9rmicos; embobinar diversos tipos de m\u00e1quinas el\u00e9ctricas (transformadores y motores monof\u00e1sicos y trif\u00e1sicos); realizar instalaciones el\u00e9ctricas domiciliarias e industriales; desarrollar m\u00f3dulos de control basados en microcontroladores y tros componentes electr\u00f3nicos; desarrollar sistemas autom\u00e1ticos con: PLC\u2019s, Electroneum\u00e1tica, Instrumentaci\u00f3n Industrial y diversos elementos de Control; desarrollar y realizar mantenimiento de sistemas de Refrigeraci\u00f3n y aire Acondicionado; realizar el montaje y mantenimiento de los diferentes tipos de generaci\u00f3n de energ\u00eda el\u00e9ctrica convencional y alternativo; Investigar, innovar e implementar, equipos y sistemas electromec\u00e1nicos para cubrir diversas necesidades de la grande, mediana y peque\u00f1a industria.<\/p>\n<p style=\"text-align: justify;\">Todo aplicando Normativas y reglamentaci\u00f3n vigente relacionados a la seguridad industrial y el cuidado del medio ambiente. Adem\u00e1s tiene la capacidad de Liderazgo y emprendimiento con una visi\u00f3n innovadora tomado en cuenta el avance de la tecnolog\u00eda y las necesidades del contexto de la comunidad.<\/p>\n<p><strong>CAMPO LABORAL DEL T\u00c9CNICO SUPERIOR EN ELECTROMEC\u00c1NICA<\/strong><\/p>\n<p style=\"text-align: justify;\">El campo laboral de un profesional en electromec\u00e1nica comprende diferentes \u00e1reas, como ser:<\/p>\n<p>Empresas p\u00fablicas y privadas que requieran servicio de operaci\u00f3n y\/o mantenimiento de:<\/p>\n<ul>\n<li>Maquinas herramientas (torno, fresadora, etc)<\/li>\n<li>Soldadura (el\u00e9ctrica, oxigeno, etc)<\/li>\n<li>Instalaciones el\u00e9ctricas e industriales (bajo normas espec\u00edficas)<\/li>\n<li>Bobinado de m\u00e1quinas el\u00e9ctricas (motores y transformadores)<\/li>\n<li>Equipos de refrigeraci\u00f3n y aire acondicionado (domiciliarias e industriales)<\/li>\n<li>Equipos de control que requiere el manejo de microcontroladores, PLC y equipos Electroneum\u00e1ticos<\/li>\n<\/ul>\n<p>Peque\u00f1as y medianas empresas de servicio.<\/p>\n<ul>\n<li>Instalaciones el\u00e9ctricas domiciliarias<\/li>\n<li>Bobinado de motores monof\u00e1sicos, trif\u00e1sicos y transformadores<\/li>\n<li>Reparaci\u00f3n y mantenimiento de equipos de refrigeraci\u00f3n.<\/li>\n<li>Automatizaci\u00f3n de equipos mediante, microcontroladores, PLC, variadores de frecuencia y Electroneumatica.<\/li>\n<\/ul>\n<p>Talleres legalmente establecidos.<\/p>\n<ul>\n<li>Manejo de m\u00e1quinas herramientas (torno, fresadora)<\/li>\n<li>Soldadura (arco el\u00e9ctrico, oxigeno)<\/li>\n<\/ul>\n<p><strong>\u00c1REA\u00a0<\/strong><b>MEC\u00c1NICA<\/b><\/p>\n<p><strong>TALLER DE MAQUINAS \u2013 HERRAMIENTAS<\/strong><\/p>\n<p><img loading=\"lazy\" decoding=\"async\" class=\" wp-image-319 aligncenter\" src=\"https:\/\/ielp.edu.bo\/wp-content\/uploads\/2020\/07\/EMC_1-300x232.png\" alt=\"\" width=\"701\" height=\"543\" \/><\/p>\n<p><img loading=\"lazy\" decoding=\"async\" class=\" wp-image-320 aligncenter\" src=\"https:\/\/ielp.edu.bo\/wp-content\/uploads\/2020\/07\/EMC_2-300x240.png\" alt=\"\" width=\"702\" height=\"562\" \/><\/p>\n<p><strong>AMBIENTE &#8211; GIMNASIO<\/strong><\/p>\n<p><img loading=\"lazy\" decoding=\"async\" class=\" wp-image-321 aligncenter\" src=\"https:\/\/ielp.edu.bo\/wp-content\/uploads\/2020\/07\/EMC_3-300x268.png\" alt=\"\" width=\"568\" height=\"507\" \/><\/p>\n<p><strong>USO DE EQUIPOS DE SEGURIDAD INDUSTRIAL<\/strong><\/p>\n<p><img loading=\"lazy\" decoding=\"async\" class=\"wp-image-323 aligncenter\" src=\"http:\/\/coaaejito.com\/wp-content\/uploads\/2020\/07\/EMC_4-300x300.png\" alt=\"\" width=\"587\" height=\"586\" srcset=\"https:\/\/ielp.edu.bo\/wp-content\/uploads\/2020\/07\/EMC_4-300x300.png 300w, https:\/\/ielp.edu.bo\/wp-content\/uploads\/2020\/07\/EMC_4-150x150.png 150w\" sizes=\"auto, (max-width: 587px) 100vw, 587px\" \/><\/p>\n<p><strong>\u00c1REA EL\u00c9CTRICA<\/strong><\/p>\n<p><strong>TABLERO DE ENTRENAMIENTO \u2013 AUTOMATISMOS\u00a0<\/strong><b>EL\u00c9CTRICOS<\/b><\/p>\n<p><img loading=\"lazy\" decoding=\"async\" class=\"wp-image-324 aligncenter\" src=\"http:\/\/coaaejito.com\/wp-content\/uploads\/2020\/07\/EMC_5-300x300.png\" alt=\"\" width=\"543\" height=\"543\" srcset=\"https:\/\/ielp.edu.bo\/wp-content\/uploads\/2020\/07\/EMC_5-300x300.png 300w, https:\/\/ielp.edu.bo\/wp-content\/uploads\/2020\/07\/EMC_5-150x150.png 150w\" sizes=\"auto, (max-width: 543px) 100vw, 543px\" \/><\/p>\n<p><b>PANEL DID\u00c1CTICO\u00a0\u2013 AUTOMATISMOS EL\u00c9CTRICOS<\/b><\/p>\n<p><img loading=\"lazy\" decoding=\"async\" class=\" wp-image-325 aligncenter\" src=\"http:\/\/coaaejito.com\/wp-content\/uploads\/2020\/07\/EMC_6-300x300.png\" alt=\"\" width=\"559\" height=\"558\" srcset=\"https:\/\/ielp.edu.bo\/wp-content\/uploads\/2020\/07\/EMC_6-300x300.png 300w, https:\/\/ielp.edu.bo\/wp-content\/uploads\/2020\/07\/EMC_6-150x150.png 150w\" sizes=\"auto, (max-width: 559px) 100vw, 559px\" \/><\/p>\n<p><b>\u00c1REA<\/b><strong>\u00a0<\/strong><b>ELECTR\u00d3NICA<\/b><\/p>\n<p><b>PANEL DE ENTRENAMIENTO DE PROGRAMACI\u00d3N (PLC LOGO \u2013 EASY)<\/b><\/p>\n<p><img loading=\"lazy\" decoding=\"async\" class=\" wp-image-326 aligncenter\" src=\"http:\/\/coaaejito.com\/wp-content\/uploads\/2020\/07\/EMC_7-300x300.png\" alt=\"\" width=\"619\" height=\"619\" srcset=\"https:\/\/ielp.edu.bo\/wp-content\/uploads\/2020\/07\/EMC_7-300x300.png 300w, https:\/\/ielp.edu.bo\/wp-content\/uploads\/2020\/07\/EMC_7-150x150.png 150w\" sizes=\"auto, (max-width: 619px) 100vw, 619px\" \/><\/p>\n<p><b>LABORATORIO DE\u00a0 ELECTR\u00d3NICA \u2013 SIMULACI\u00d3N PLC &#8211; HMI<\/b><\/p>\n<p><img loading=\"lazy\" decoding=\"async\" class=\" wp-image-328 aligncenter\" src=\"http:\/\/coaaejito.com\/wp-content\/uploads\/2020\/07\/EMC_8-300x300.png\" alt=\"\" width=\"575\" height=\"575\" srcset=\"https:\/\/ielp.edu.bo\/wp-content\/uploads\/2020\/07\/EMC_8-300x300.png 300w, https:\/\/ielp.edu.bo\/wp-content\/uploads\/2020\/07\/EMC_8-150x150.png 150w\" sizes=\"auto, (max-width: 575px) 100vw, 575px\" \/><\/p>\n","protected":false},"excerpt":{"rendered":"<p>Carrera de Electromec\u00e1nica a nivel T\u00e9cnico Superior con T\u00edtulo en Provisi\u00f3n Nacional.<\/p>\n","protected":false},"author":1,"featured_media":332,"parent":0,"menu_order":0,"comment_status":"closed","ping_status":"closed","template":"","meta":{"footnotes":""},"class_list":["post-127","page","type-page","status-publish","has-post-thumbnail","hentry"],"_links":{"self":[{"href":"https:\/\/ielp.edu.bo\/index.php?rest_route=\/wp\/v2\/pages\/127","targetHints":{"allow":["GET"]}}],"collection":[{"href":"https:\/\/ielp.edu.bo\/index.php?rest_route=\/wp\/v2\/pages"}],"about":[{"href":"https:\/\/ielp.edu.bo\/index.php?rest_route=\/wp\/v2\/types\/page"}],"author":[{"embeddable":true,"href":"https:\/\/ielp.edu.bo\/index.php?rest_route=\/wp\/v2\/users\/1"}],"replies":[{"embeddable":true,"href":"https:\/\/ielp.edu.bo\/index.php?rest_route=%2Fwp%2Fv2%2Fcomments&post=127"}],"version-history":[{"count":12,"href":"https:\/\/ielp.edu.bo\/index.php?rest_route=\/wp\/v2\/pages\/127\/revisions"}],"predecessor-version":[{"id":490,"href":"https:\/\/ielp.edu.bo\/index.php?rest_route=\/wp\/v2\/pages\/127\/revisions\/490"}],"wp:featuredmedia":[{"embeddable":true,"href":"https:\/\/ielp.edu.bo\/index.php?rest_route=\/wp\/v2\/media\/332"}],"wp:attachment":[{"href":"https:\/\/ielp.edu.bo\/index.php?rest_route=%2Fwp%2Fv2%2Fmedia&parent=127"}],"curies":[{"name":"wp","href":"https:\/\/api.w.org\/{rel}","templated":true}]}}