{"id":129,"date":"2016-10-17T08:04:52","date_gmt":"2016-10-17T08:04:52","guid":{"rendered":"http:\/\/www.demo.acmethemes.com\/education-base\/?page_id=9"},"modified":"2020-07-31T20:40:17","modified_gmt":"2020-07-31T20:40:17","slug":"management","status":"publish","type":"page","link":"https:\/\/ielp.edu.bo\/?page_id=129","title":{"rendered":"ELECTROMEDICINA"},"content":{"rendered":"<p style=\"text-align: center;\">INSTITUTO TECNOL\u00d3GICO INDUSTRIAL BRASIL \u2013 BOLIVIA<\/p>\n<p style=\"text-align: center;\">CARRERA ELECTROMEDICINA<\/p>\n<p><strong>PERFIL PROFESIONAL DE LA CARRERA DE ELECTROMEDICINA<\/strong><\/p>\n<p style=\"text-align: justify;\">El profesional t\u00e9cnico superior est\u00e1 formado en Electromedicina con las cualidades reflexivas, sentido cr\u00edtico y trabajo en equipo multidisciplinario y transdisciplinario en el \u00e1rea de salud para realizar la instalaci\u00f3n y mantenimiento preventivo y correctivo de equipos m\u00e9dicos de baja, mediana y alta complejidad basados en la programaci\u00f3n y gesti\u00f3n automatizada del inventario de equipos m\u00e9dicos, especialidades y tecnolog\u00edas m\u00e9dicas con el compromiso y la responsabilidad de la aplicaci\u00f3n y cumplimiento de las normativas vigentes del equipamiento m\u00e9dico.<\/p>\n<p style=\"text-align: justify;\">En consecuencia, la competencia de la carrera es desarrollar habilidades y destrezas para relacionar \u00e1reas de conocimiento como la electr\u00f3nica, electricidad, inform\u00e1tica, redes de datos, electromec\u00e1nica y la fisiolog\u00eda humana para comprender la operaci\u00f3n de los equipos m\u00e9dicos en sus diferente niveles de complejidad seg\u00fan especialidades m\u00e9dicas para realizar la instalaci\u00f3n y mantenimiento correspondiente bajo normas espec\u00edficas del equipamiento m\u00e9dico aplicado con sentido cr\u00edtico y reflexivo para la calidad del servicio electrom\u00e9dico.<\/p>\n<ul>\n<li>\n<p style=\"text-align: justify;\">Desarrollar el servicio de instalaci\u00f3n, mantenimiento preventivo y mantenimiento correctivo en equipos medios de baja y mediana complejidad con recomendaciones en equipos de alta complejidad en las diversas tecnolog\u00edas.<\/p>\n<\/li>\n<li>\n<p style=\"text-align: justify;\">Determinar las fallas del equipamiento m\u00e9dico relacionado con la tecnolog\u00eda y de sus componentes electr\u00f3nicos y circuitos integrados en diferentes formatos.<\/p>\n<\/li>\n<li>\n<p style=\"text-align: justify;\">Reconstruir, reparar, ajustar y verificar todo tipo de componentes de los equipos m\u00e9dicos.<\/p>\n<\/li>\n<li>\n<p style=\"text-align: justify;\">Reparar, reconstruir, ajustar y verificar componentes: circuitos neum\u00e1ticos, el\u00e9ctricos, mecanismos de alta precisi\u00f3n, mediana y simple complejidad.<\/p>\n<\/li>\n<li>\n<p style=\"text-align: justify;\">Actualiza la base de datos del inventario para la gesti\u00f3n de mantenimiento de equipos m\u00e9dicos automatizados<\/p>\n<\/li>\n<li>\n<p style=\"text-align: justify;\">Gestionar la formaci\u00f3n continua del personal del departamento de electromedicina sobre la normativa, soporte de vida y bioseguridad de equipos m\u00e9dicos y el avance de la tecnolog\u00eda.<\/p>\n<\/li>\n<li>\n<p style=\"text-align: justify;\">Gestionar la formaci\u00f3n y capacitaci\u00f3n del personal de salud en el manejo y empleo de los equipos m\u00e9dicos seg\u00fan complejidad y especialidad de las tecnolog\u00edas de salud.<\/p>\n<\/li>\n<\/ul>\n<p style=\"text-align: justify;\">Formado para realizar la instalaci\u00f3n y mantenimiento de equipos m\u00e9dicos en las especialidades como:<\/p>\n<ul>\n<li>Diagn\u00f3stico, estimulaci\u00f3n, kinesiolog\u00eda y quir\u00f3fanos.<\/li>\n<li>Salas de Terapia y Tratamiento.<\/li>\n<li>Desarrollar e implementar la gesti\u00f3n de mantenimiento en equipos e instrumentaci\u00f3n m\u00e9dica.<\/li>\n<li>Evaluar, implementar y diagnosticar el mantenimiento de equipos e instrumentaci\u00f3n m\u00e9dica de diferentes tecnolog\u00edas.<\/li>\n<li>Dise\u00f1ar administrar y operar Sistemas de mantenimiento de equipos m\u00e9dicos.<\/li>\n<li>Elaborar Informes, calcula costos y presupuestos del mantenimiento de m\u00e9dicos.<\/li>\n<\/ul>\n","protected":false},"excerpt":{"rendered":"<p>Carrera de Electromedicina a nivel T\u00e9cnico Superior con T\u00edtulo en Provisi\u00f3n Nacional.<\/p>\n","protected":false},"author":1,"featured_media":342,"parent":0,"menu_order":0,"comment_status":"closed","ping_status":"closed","template":"","meta":{"footnotes":""},"class_list":["post-129","page","type-page","status-publish","has-post-thumbnail","hentry"],"_links":{"self":[{"href":"https:\/\/ielp.edu.bo\/index.php?rest_route=\/wp\/v2\/pages\/129","targetHints":{"allow":["GET"]}}],"collection":[{"href":"https:\/\/ielp.edu.bo\/index.php?rest_route=\/wp\/v2\/pages"}],"about":[{"href":"https:\/\/ielp.edu.bo\/index.php?rest_route=\/wp\/v2\/types\/page"}],"author":[{"embeddable":true,"href":"https:\/\/ielp.edu.bo\/index.php?rest_route=\/wp\/v2\/users\/1"}],"replies":[{"embeddable":true,"href":"https:\/\/ielp.edu.bo\/index.php?rest_route=%2Fwp%2Fv2%2Fcomments&post=129"}],"version-history":[{"count":7,"href":"https:\/\/ielp.edu.bo\/index.php?rest_route=\/wp\/v2\/pages\/129\/revisions"}],"predecessor-version":[{"id":343,"href":"https:\/\/ielp.edu.bo\/index.php?rest_route=\/wp\/v2\/pages\/129\/revisions\/343"}],"wp:featuredmedia":[{"embeddable":true,"href":"https:\/\/ielp.edu.bo\/index.php?rest_route=\/wp\/v2\/media\/342"}],"wp:attachment":[{"href":"https:\/\/ielp.edu.bo\/index.php?rest_route=%2Fwp%2Fv2%2Fmedia&parent=129"}],"curies":[{"name":"wp","href":"https:\/\/api.w.org\/{rel}","templated":true}]}}