{"id":220,"date":"2020-07-30T01:46:16","date_gmt":"2020-07-30T01:46:16","guid":{"rendered":"http:\/\/coaaejito.com\/?page_id=220"},"modified":"2026-04-20T12:50:39","modified_gmt":"2026-04-20T12:50:39","slug":"direccion","status":"publish","type":"page","link":"https:\/\/ielp.edu.bo\/","title":{"rendered":""},"content":{"rendered":"<p><iframe loading=\"lazy\" style=\"border: 0;\" tabindex=\"0\" src=\"https:\/\/www.google.com\/maps\/embed?pb=!1m18!1m12!1m3!1d3825.7504117741732!2d-68.22464594111362!3d-16.48817096513691!2m3!1f0!2f0!3f0!3m2!1i1024!2i768!4f13.1!3m3!1m2!1s0x915ede1a3758c315%3A0xb23907f2d094e844!2sInstituto%20Tecnol%C3%B3gico%20Industrial%20Brasil-Bolivia!5e0!3m2!1ses-419!2sbo!4v1596073571572!5m2!1ses-419!2sbo\" width=\"600\" height=\"450\" frameborder=\"0\" allowfullscreen=\"allowfullscreen\" aria-hidden=\"false\"><\/iframe><\/p>\n\n\n<p>Direcci\u00f3n: Zona R\u00edo Seco, Carretera a Copacabana FANVIPLAN, ex f\u00e1brica de vidrios N\u00b0 1000 ciudad de El Alto, La Paz &#8211; Bolivia.<\/p>\n","protected":false},"excerpt":{"rendered":"<p>Direcci\u00f3n: Zona R\u00edo Seco, Carretera a Copacabana FANVIPLAN, ex f\u00e1brica de vidrios N\u00b0 1000 ciudad de El Alto, La Paz &#8211; Bolivia.<\/p>\n","protected":false},"author":1,"featured_media":0,"parent":0,"menu_order":0,"comment_status":"closed","ping_status":"closed","template":"","meta":{"footnotes":""},"class_list":["post-220","page","type-page","status-publish","hentry"],"_hostinger_reach_plugin_has_subscription_block":false,"_hostinger_reach_plugin_is_elementor":false,"_links":{"self":[{"href":"https:\/\/ielp.edu.bo\/index.php?rest_route=\/wp\/v2\/pages\/220","targetHints":{"allow":["GET"]}}],"collection":[{"href":"https:\/\/ielp.edu.bo\/index.php?rest_route=\/wp\/v2\/pages"}],"about":[{"href":"https:\/\/ielp.edu.bo\/index.php?rest_route=\/wp\/v2\/types\/page"}],"author":[{"embeddable":true,"href":"https:\/\/ielp.edu.bo\/index.php?rest_route=\/wp\/v2\/users\/1"}],"replies":[{"embeddable":true,"href":"https:\/\/ielp.edu.bo\/index.php?rest_route=%2Fwp%2Fv2%2Fcomments&post=220"}],"version-history":[{"count":3,"href":"https:\/\/ielp.edu.bo\/index.php?rest_route=\/wp\/v2\/pages\/220\/revisions"}],"predecessor-version":[{"id":225,"href":"https:\/\/ielp.edu.bo\/index.php?rest_route=\/wp\/v2\/pages\/220\/revisions\/225"}],"wp:attachment":[{"href":"https:\/\/ielp.edu.bo\/index.php?rest_route=%2Fwp%2Fv2%2Fmedia&parent=220"}],"curies":[{"name":"wp","href":"https:\/\/api.w.org\/{rel}","templated":true}]}}