{"id":33,"date":"2017-03-06T06:14:23","date_gmt":"2017-03-06T06:14:23","guid":{"rendered":"http:\/\/demo.acmethemes.com\/education-base-pro\/?page_id=397"},"modified":"2020-07-31T18:47:55","modified_gmt":"2020-07-31T18:47:55","slug":"job-placement","status":"publish","type":"page","link":"https:\/\/ielp.edu.bo\/?page_id=33","title":{"rendered":"MISI\u00d3N"},"content":{"rendered":"<p>MISI\u00d3N<\/p>\n<p style=\"text-align: justify;\">El I.T.I. Brasil Bolivia es una instituci\u00f3n encargada de desarrollar talento humano a trav\u00e9s de la integraci\u00f3n del saber ser, saber conocer y el saber hacer, formando profesionales id\u00f3neos a nivel t\u00e9cnico superior con caracter\u00edsticas de autonom\u00eda, emprendedores, propositivos, innovadores, investigadores, altamente competitivos; trabajadores creativos y socialmente proactivos, con s\u00f3lidos conocimientos T\u00e9cnico, Tecnol\u00f3gicos, Cient\u00edficos, productivos y Valores Socio comunitarios, capaces de responder a las exigencias del sector productivo y a las demandas productivas que el pa\u00eds requiere para el vivir bien.<\/p>\n","protected":false},"excerpt":{"rendered":"<p>El I.T.I. Brasil Bolivia es una instituci\u00f3n encargada de desarrollar talento humano a trav\u00e9s de la integraci\u00f3n del saber ser, saber conocer y el saber hacer,&#8230;<\/p>\n","protected":false},"author":1,"featured_media":0,"parent":0,"menu_order":0,"comment_status":"closed","ping_status":"closed","template":"","meta":{"footnotes":""},"class_list":["post-33","page","type-page","status-publish","hentry"],"_links":{"self":[{"href":"https:\/\/ielp.edu.bo\/index.php?rest_route=\/wp\/v2\/pages\/33","targetHints":{"allow":["GET"]}}],"collection":[{"href":"https:\/\/ielp.edu.bo\/index.php?rest_route=\/wp\/v2\/pages"}],"about":[{"href":"https:\/\/ielp.edu.bo\/index.php?rest_route=\/wp\/v2\/types\/page"}],"author":[{"embeddable":true,"href":"https:\/\/ielp.edu.bo\/index.php?rest_route=\/wp\/v2\/users\/1"}],"replies":[{"embeddable":true,"href":"https:\/\/ielp.edu.bo\/index.php?rest_route=%2Fwp%2Fv2%2Fcomments&post=33"}],"version-history":[{"count":4,"href":"https:\/\/ielp.edu.bo\/index.php?rest_route=\/wp\/v2\/pages\/33\/revisions"}],"predecessor-version":[{"id":293,"href":"https:\/\/ielp.edu.bo\/index.php?rest_route=\/wp\/v2\/pages\/33\/revisions\/293"}],"wp:attachment":[{"href":"https:\/\/ielp.edu.bo\/index.php?rest_route=%2Fwp%2Fv2%2Fmedia&parent=33"}],"curies":[{"name":"wp","href":"https:\/\/api.w.org\/{rel}","templated":true}]}}