{"id":35,"date":"2017-03-06T06:00:44","date_gmt":"2017-03-06T06:00:44","guid":{"rendered":"http:\/\/demo.acmethemes.com\/education-base-pro\/?page_id=396"},"modified":"2020-07-31T18:49:38","modified_gmt":"2020-07-31T18:49:38","slug":"quality-library","status":"publish","type":"page","link":"https:\/\/ielp.edu.bo\/?page_id=35","title":{"rendered":"VISI\u00d3N"},"content":{"rendered":"<p>VISI\u00d3N<\/p>\n<p style=\"text-align: justify;\">\u201cSer una Instituci\u00f3n l\u00edder en la formaci\u00f3n tecnol\u00f3gica industrial y su especializaci\u00f3n, acreditada a nivel regional, nacional e internacional\u201d.<\/p>\n","protected":false},"excerpt":{"rendered":"<p>\u201cSer una Instituci\u00f3n l\u00edder en la formaci\u00f3n tecnol\u00f3gica industrial y su especializaci\u00f3n, acreditada a nivel regional, nacional e internacional\u201d.<\/p>\n","protected":false},"author":1,"featured_media":0,"parent":0,"menu_order":0,"comment_status":"closed","ping_status":"closed","template":"","meta":{"footnotes":""},"class_list":["post-35","page","type-page","status-publish","hentry"],"_links":{"self":[{"href":"https:\/\/ielp.edu.bo\/index.php?rest_route=\/wp\/v2\/pages\/35","targetHints":{"allow":["GET"]}}],"collection":[{"href":"https:\/\/ielp.edu.bo\/index.php?rest_route=\/wp\/v2\/pages"}],"about":[{"href":"https:\/\/ielp.edu.bo\/index.php?rest_route=\/wp\/v2\/types\/page"}],"author":[{"embeddable":true,"href":"https:\/\/ielp.edu.bo\/index.php?rest_route=\/wp\/v2\/users\/1"}],"replies":[{"embeddable":true,"href":"https:\/\/ielp.edu.bo\/index.php?rest_route=%2Fwp%2Fv2%2Fcomments&post=35"}],"version-history":[{"count":3,"href":"https:\/\/ielp.edu.bo\/index.php?rest_route=\/wp\/v2\/pages\/35\/revisions"}],"predecessor-version":[{"id":294,"href":"https:\/\/ielp.edu.bo\/index.php?rest_route=\/wp\/v2\/pages\/35\/revisions\/294"}],"wp:attachment":[{"href":"https:\/\/ielp.edu.bo\/index.php?rest_route=%2Fwp%2Fv2%2Fmedia&parent=35"}],"curies":[{"name":"wp","href":"https:\/\/api.w.org\/{rel}","templated":true}]}}