{"id":363,"date":"2020-07-31T21:44:31","date_gmt":"2020-07-31T21:44:31","guid":{"rendered":"http:\/\/coaaejito.com\/?page_id=363"},"modified":"2020-07-31T21:53:22","modified_gmt":"2020-07-31T21:53:22","slug":"informatica-industrial","status":"publish","type":"page","link":"https:\/\/ielp.edu.bo\/?page_id=363","title":{"rendered":"INFORM\u00c1TICA INDUSTRIAL"},"content":{"rendered":"<p style=\"text-align: center;\">INSTITUTO TECNOL\u00d3GICO INDUSTRIAL BRASIL \u2013 BOLIVIA<\/p>\n<p style=\"text-align: center;\">CARRERA INFORM\u00c1TICA INDUSTRIAL<\/p>\n<p><strong>PERFIL PROFESIONAL DE LA CARRERA DE INFORM\u00c1TICA INDUSTRIAL<\/strong><\/p>\n<ul>\n<li>El profesional en \u201cInform\u00e1tica Industrial\u201d se desempe\u00f1a en las siguientes actividades:<\/li>\n<li>Desarrollar, administrar y operar sistemas automatizados.<\/li>\n<li>Desarrollar e Implementar Interfaces Hardware \u2013 Software aplicados a la Industria.<\/li>\n<li>Desarrollar e implementar Sistemas Inform\u00e1ticos Centralizados y Distribuidos. Dise\u00f1ar e implementar tecnolog\u00edas de redes telem\u00e1ticas.<\/li>\n<li>Dise\u00f1ar e implementar tecnolog\u00edas de sistemas de redes industriales (sistemas SCADA).<\/li>\n<li>Construir, manipular y administrar procesos aplicados a la industria.<\/li>\n<li>Desarrollar e implementar proyectos de automatizaci\u00f3n industrial (automatizaci\u00f3n de procesos industriales).<\/li>\n<li>Evaluar, implementar y administrar Sistemas de Redes de Informaci\u00f3n.<\/li>\n<li>Brindar soporte en diferentes Tecnolog\u00edas Inform\u00e1ticas.<\/li>\n<li>Diagnosticar y corregir problemas en dispositivos de Sistemas de Computaci\u00f3n.<\/li>\n<li>Realizar soporte en Mantenimiento de Sistemas Software y Hardware.<\/li>\n<li>Dirigir las acciones para desarrollar, evaluar y optimizar sistemas integrados Software y Hardware.<\/li>\n<li>Trabajar en equipos multidisciplinarios.<\/li>\n<li>Investigar y desarrollar Sistemas Inform\u00e1ticos aplicados al comercio y la industria.<\/li>\n<li>Promover la actualizaci\u00f3n en \u00e1reas de su especialidad y hacer uso de las nuevas tecnolog\u00edas para obtener ventajas comparativas y competitivas de las organizaciones.<\/li>\n<li>Poseer una visi\u00f3n estrat\u00e9gica en el desarrollo de su vida profesional, como tambi\u00e9n una visi\u00f3n empresarial para que pueda planear, crear y conducir su propia empresa.<\/li>\n<li>Elaborar Informes T\u00e9cnicos.<\/li>\n<li>Calcular costos y elaborar presupuestos.<\/li>\n<li>Interpretar y cumplir disposiciones vigentes en la Legislaci\u00f3n Laboral.<\/li>\n<li>Participar e integrarse a las actividades de la Comunidad.<\/li>\n<\/ul>\n<p style=\"text-align: justify;\">ESFERAS DE ACTUACI\u00d3N PROFESIONAL<\/p>\n<ul>\n<li>Empresas industriales.<\/li>\n<li>Instituciones de Salud p\u00fablicas y privadas.<\/li>\n<li>Empresas comerciales y de servicios.<\/li>\n<li>Organismos p\u00fablicos y privados.<\/li>\n<li>Instituciones de Educaci\u00f3n.<\/li>\n<li>Unidades educativas p\u00fablicas y privadas.<\/li>\n<li>Centros de investigaci\u00f3n.<\/li>\n<li>Centros de documentaci\u00f3n e informaci\u00f3n.<\/li>\n<li>Ejercicio libre de la profesi\u00f3n prestando asesor\u00edas, consultor\u00edas y proyectos.<\/li>\n<li>Creaci\u00f3n de su propia empresa que preste servicios inform\u00e1ticos a otras organizaciones.<\/li>\n<li>Gobierno y entidades estatales.<\/li>\n<li>Instituciones militares.<\/li>\n<li>Organismos policiales.<\/li>\n<li>Mantenimiento de computadoras.<\/li>\n<li>Agroindustrias y alimentos. L\u00edneas \u00e1reas.<\/li>\n<li>Medios de comunicaci\u00f3n escrito, radio y televisi\u00f3n.<\/li>\n<\/ul>\n<p>LABORATORIO Y CAMPOS DE TRABAJO<\/p>\n<p><img loading=\"lazy\" decoding=\"async\" class=\" wp-image-365 aligncenter\" src=\"http:\/\/coaaejito.com\/wp-content\/uploads\/2020\/07\/IIN_1-1-284x300.png\" alt=\"\" width=\"505\" height=\"533\" \/><\/p>\n<p><img loading=\"lazy\" decoding=\"async\" class=\" wp-image-367 aligncenter\" src=\"http:\/\/coaaejito.com\/wp-content\/uploads\/2020\/07\/IIN_2-300x297.png\" alt=\"\" width=\"572\" height=\"566\" \/><\/p>\n<p><img loading=\"lazy\" decoding=\"async\" class=\" wp-image-368 aligncenter\" src=\"http:\/\/coaaejito.com\/wp-content\/uploads\/2020\/07\/IIN_3-300x300.png\" alt=\"\" width=\"570\" height=\"570\" srcset=\"https:\/\/ielp.edu.bo\/wp-content\/uploads\/2020\/07\/IIN_3-300x300.png 300w, https:\/\/ielp.edu.bo\/wp-content\/uploads\/2020\/07\/IIN_3-150x150.png 150w\" sizes=\"auto, (max-width: 570px) 100vw, 570px\" \/><\/p>\n<p><img loading=\"lazy\" decoding=\"async\" class=\" wp-image-369 aligncenter\" src=\"http:\/\/coaaejito.com\/wp-content\/uploads\/2020\/07\/IIN_4-300x300.png\" alt=\"\" width=\"574\" height=\"574\" srcset=\"https:\/\/ielp.edu.bo\/wp-content\/uploads\/2020\/07\/IIN_4-300x300.png 300w, https:\/\/ielp.edu.bo\/wp-content\/uploads\/2020\/07\/IIN_4-150x150.png 150w\" sizes=\"auto, (max-width: 574px) 100vw, 574px\" \/><\/p>\n<p><img loading=\"lazy\" decoding=\"async\" class=\"wp-image-370 aligncenter\" src=\"http:\/\/coaaejito.com\/wp-content\/uploads\/2020\/07\/IIN_5-300x300.png\" alt=\"\" width=\"777\" height=\"777\" srcset=\"https:\/\/ielp.edu.bo\/wp-content\/uploads\/2020\/07\/IIN_5-300x300.png 300w, https:\/\/ielp.edu.bo\/wp-content\/uploads\/2020\/07\/IIN_5-150x150.png 150w\" sizes=\"auto, (max-width: 777px) 100vw, 777px\" \/><\/p>\n<p><img loading=\"lazy\" decoding=\"async\" class=\" wp-image-371 aligncenter\" src=\"http:\/\/coaaejito.com\/wp-content\/uploads\/2020\/07\/IIN_6-300x300.png\" alt=\"\" width=\"494\" height=\"494\" srcset=\"https:\/\/ielp.edu.bo\/wp-content\/uploads\/2020\/07\/IIN_6-300x300.png 300w, https:\/\/ielp.edu.bo\/wp-content\/uploads\/2020\/07\/IIN_6-150x150.png 150w\" sizes=\"auto, (max-width: 494px) 100vw, 494px\" \/><\/p>\n<p><img loading=\"lazy\" decoding=\"async\" class=\" wp-image-372 aligncenter\" src=\"http:\/\/coaaejito.com\/wp-content\/uploads\/2020\/07\/IIN_7-300x300.png\" alt=\"\" width=\"579\" height=\"579\" srcset=\"https:\/\/ielp.edu.bo\/wp-content\/uploads\/2020\/07\/IIN_7-300x300.png 300w, https:\/\/ielp.edu.bo\/wp-content\/uploads\/2020\/07\/IIN_7-150x150.png 150w\" sizes=\"auto, (max-width: 579px) 100vw, 579px\" \/><\/p>\n","protected":false},"excerpt":{"rendered":"<p>Carrera de Inform\u00e1tica Industrial a nivel T\u00e9cnico Superior con T\u00edtulo en Provisi\u00f3n Nacional.<\/p>\n","protected":false},"author":1,"featured_media":374,"parent":0,"menu_order":0,"comment_status":"closed","ping_status":"closed","template":"","meta":{"footnotes":""},"class_list":["post-363","page","type-page","status-publish","has-post-thumbnail","hentry"],"_links":{"self":[{"href":"https:\/\/ielp.edu.bo\/index.php?rest_route=\/wp\/v2\/pages\/363","targetHints":{"allow":["GET"]}}],"collection":[{"href":"https:\/\/ielp.edu.bo\/index.php?rest_route=\/wp\/v2\/pages"}],"about":[{"href":"https:\/\/ielp.edu.bo\/index.php?rest_route=\/wp\/v2\/types\/page"}],"author":[{"embeddable":true,"href":"https:\/\/ielp.edu.bo\/index.php?rest_route=\/wp\/v2\/users\/1"}],"replies":[{"embeddable":true,"href":"https:\/\/ielp.edu.bo\/index.php?rest_route=%2Fwp%2Fv2%2Fcomments&post=363"}],"version-history":[{"count":3,"href":"https:\/\/ielp.edu.bo\/index.php?rest_route=\/wp\/v2\/pages\/363\/revisions"}],"predecessor-version":[{"id":375,"href":"https:\/\/ielp.edu.bo\/index.php?rest_route=\/wp\/v2\/pages\/363\/revisions\/375"}],"wp:featuredmedia":[{"embeddable":true,"href":"https:\/\/ielp.edu.bo\/index.php?rest_route=\/wp\/v2\/media\/374"}],"wp:attachment":[{"href":"https:\/\/ielp.edu.bo\/index.php?rest_route=%2Fwp%2Fv2%2Fmedia&parent=363"}],"curies":[{"name":"wp","href":"https:\/\/api.w.org\/{rel}","templated":true}]}}