{"id":37,"date":"2017-03-06T05:57:20","date_gmt":"2017-03-06T05:57:20","guid":{"rendered":"http:\/\/demo.acmethemes.com\/education-base-pro\/?page_id=394"},"modified":"2020-08-01T02:33:26","modified_gmt":"2020-08-01T02:33:26","slug":"unlimited-books","status":"publish","type":"page","link":"https:\/\/ielp.edu.bo\/?page_id=37","title":{"rendered":"VALORES"},"content":{"rendered":"<p>VALORES<\/p>\n<p style=\"text-align: justify;\">La ense\u00f1anza se basa en una pedagog\u00eda activa, directa y en permanente actualizaci\u00f3n, es por el cual consideramos irrenunciables nuestros valores \u00e9ticos y profesionales que, guiando en todo momento nuestra labor, nos identifican como una Instituci\u00f3n Educativa seria y coherente.<\/p>\n","protected":false},"excerpt":{"rendered":"<p>La ense\u00f1anza se basa en una pedagog\u00eda activa, directa y en permanente actualizaci\u00f3n, es por el cual consideramos irrenunciables nuestros valores&#8230;<\/p>\n","protected":false},"author":1,"featured_media":0,"parent":0,"menu_order":0,"comment_status":"closed","ping_status":"closed","template":"","meta":{"footnotes":""},"class_list":["post-37","page","type-page","status-publish","hentry"],"_links":{"self":[{"href":"https:\/\/ielp.edu.bo\/index.php?rest_route=\/wp\/v2\/pages\/37","targetHints":{"allow":["GET"]}}],"collection":[{"href":"https:\/\/ielp.edu.bo\/index.php?rest_route=\/wp\/v2\/pages"}],"about":[{"href":"https:\/\/ielp.edu.bo\/index.php?rest_route=\/wp\/v2\/types\/page"}],"author":[{"embeddable":true,"href":"https:\/\/ielp.edu.bo\/index.php?rest_route=\/wp\/v2\/users\/1"}],"replies":[{"embeddable":true,"href":"https:\/\/ielp.edu.bo\/index.php?rest_route=%2Fwp%2Fv2%2Fcomments&post=37"}],"version-history":[{"count":3,"href":"https:\/\/ielp.edu.bo\/index.php?rest_route=\/wp\/v2\/pages\/37\/revisions"}],"predecessor-version":[{"id":295,"href":"https:\/\/ielp.edu.bo\/index.php?rest_route=\/wp\/v2\/pages\/37\/revisions\/295"}],"wp:attachment":[{"href":"https:\/\/ielp.edu.bo\/index.php?rest_route=%2Fwp%2Fv2%2Fmedia&parent=37"}],"curies":[{"name":"wp","href":"https:\/\/api.w.org\/{rel}","templated":true}]}}