{"id":379,"date":"2020-07-31T22:15:13","date_gmt":"2020-07-31T22:15:13","guid":{"rendered":"http:\/\/coaaejito.com\/?page_id=379"},"modified":"2020-07-31T22:23:17","modified_gmt":"2020-07-31T22:23:17","slug":"gas-petroleo-y-procesos","status":"publish","type":"page","link":"https:\/\/ielp.edu.bo\/?page_id=379","title":{"rendered":"GAS, PETR\u00d3LEO Y PROCESOS"},"content":{"rendered":"<p style=\"text-align: center;\">INSTITUTO TECNOL\u00d3GICO INDUSTRIAL BRASIL \u2013 BOLIVIA<\/p>\n<p style=\"text-align: center;\">CARRERA GAS, PETR\u00d3LEO Y PROCESOS<\/p>\n<p><strong>INTRODUCCI\u00d3N<\/strong><\/p>\n<p style=\"text-align: justify;\">El enfoque de una Visi\u00f3n global se halla desarrollando en los logros de la ciencia en constante crecimiento reflejada en el avance tecnol\u00f3gico, este desarrollo tecnol\u00f3gico marca un desaf\u00edo para la educaci\u00f3n t\u00e9cnica superior, reto que debe ser asumido con responsabilidad por la instituci\u00f3n tomando en cuenta el camino m\u00e1s acertado hacia la capacitaci\u00f3n y actualizaci\u00f3n constante de los recursos humanos en formaci\u00f3n.<\/p>\n<p style=\"text-align: justify;\">En &nbsp;contribuci\u00f3n &nbsp;social &nbsp;del &nbsp;Instituto &nbsp;Tecnol\u00f3gico &nbsp;Industrial &nbsp;Brasil-Bolivia &nbsp;ser\u00e1 &nbsp;el &nbsp;de &nbsp;buscar &nbsp;la excelencia acad\u00e9mica que permita al futuro profesional <strong>T\u00e9cnico Superior en Gas, Petr\u00f3leo y Procesos, <\/strong>mejorar la calidad de vida, condiciones socioecon\u00f3micas y desarrollo tecnol\u00f3gico de la poblaci\u00f3n. En lo acad\u00e9mico se busca construir un modelo que responda a la realidad local, regional y nacional que atienda con eficiencia las necesidades de la sociedad.<\/p>\n<p style=\"text-align: justify;\">En la estructura de la malla curricular se busca un equilibrio entre la ciencia, tecnolog\u00eda y cultura a objeto de capacitar con alto grado de profesionalismo buscando con esto que sus estudiantes y egresados sean altamente competentes y capaces de contribuir t\u00e9cnica, acad\u00e9mica, econ\u00f3mica, social y culturalmente al desarrollo integral de la regi\u00f3n y del pa\u00eds en general.<\/p>\n<p style=\"text-align: justify;\">Al ser la primera carrera creada del pa\u00eds a nivel T\u00e9cnico Superior en Gas, Petr\u00f3leo y Procesos, es una satisfacci\u00f3n y al mismo tiempo un reto ser constante en satisfacer las necesidades de los estudiantes y la sociedad en su conjunto.<\/p>\n<p>OBJETIVOS DE LA CARRERA<\/p>\n<p style=\"text-align: justify;\">Formar Profesionales T\u00e9cnicos de nivel Superior en Gas, Petr\u00f3leo y Procesos, con s\u00f3lidos conocimientos te\u00f3rico-pr\u00e1cticos integrales en el sector de hidrocarburos, y la aplicaci\u00f3n de tecnolog\u00edas en la transformaci\u00f3n de gas y petr\u00f3leo y conocimientos de legislaci\u00f3n.<\/p>\n<p>PERFIL PROFESIONAL<\/p>\n<p style=\"text-align: justify;\">El T\u00e9cnico Superior en Gas, Petr\u00f3leo y Procesos titulado del Instituto Tecnol\u00f3gico Industrial Brasil \u2013 Bolivia I.T.I.B.B., adquiere una formaci\u00f3n de alto nivel en lo que concierne la cadena de los hidrocarburos en las \u00e1reas de perforaci\u00f3n de pozos petroleros y gas\u00edferos, producci\u00f3n, reservorios y proceso de los hidrocarburos. Es capaz de programar, desarrollar, dirigir, investigar, supervisar y administrar las actividades hidrocarbur\u00edferas, tales como la explotaci\u00f3n \u00f3ptima de Petr\u00f3leo y Gas Natural, la recolecci\u00f3n y transporte de hidrocarburos l\u00edquidos y gaseosos, su almacenamiento, industrializaci\u00f3n, comercializaci\u00f3n y control ambiental.<\/p>\n<p style=\"text-align: justify;\">La formaci\u00f3n que el T\u00e9cnico Superior adquiere en los campos espec\u00edficos de la Carrera Gas, Petr\u00f3leo y Procesos, hacen que \u00e9ste tenga un sustento t\u00e9cnico y cient\u00edfico para tomar decisiones, determinar procesos mejorados para la explotaci\u00f3n de Reservorios Petrol\u00edferos y Gas\u00edferos, tenga capacidad para adaptarse a jornadas prolongadas de trabajo de campo y tenga sentido de responsabilidad sobre la trascendencia de su actividad en el marco del desarrollo nacional.<\/p>\n<p>CAMPO LABORAL<\/p>\n<p style=\"text-align: justify;\">El profesional t\u00e9cnico en Gas Petr\u00f3leo y Procesos, desarrolla actividades en las distintas \u00e1reas como ser:<\/p>\n<ul>\n<li>Exploraci\u00f3n<\/li>\n<li>Perforaci\u00f3n de Pozos<\/li>\n<li>Plantas de Gas Natural<\/li>\n<li>Plantas criog\u00e9nicas para la separaci\u00f3n de los componentes en Gas Natural<\/li>\n<li>Refiner\u00edas Petroleras<\/li>\n<li>Transporte y Almacenaje de Hidrocarburos<\/li>\n<li>Redes de Gas<\/li>\n<\/ul>\n<p>FOTOGRAF\u00cdAS<\/p>\n<p><img loading=\"lazy\" decoding=\"async\" class=\" wp-image-381 aligncenter\" src=\"http:\/\/coaaejito.com\/wp-content\/uploads\/2020\/07\/GPP_1-300x300.png\" alt=\"\" width=\"458\" height=\"458\" srcset=\"https:\/\/ielp.edu.bo\/wp-content\/uploads\/2020\/07\/GPP_1-300x300.png 300w, https:\/\/ielp.edu.bo\/wp-content\/uploads\/2020\/07\/GPP_1-150x150.png 150w\" sizes=\"auto, (max-width: 458px) 100vw, 458px\" \/><\/p>\n<p><img loading=\"lazy\" decoding=\"async\" class=\" wp-image-382 aligncenter\" src=\"http:\/\/coaaejito.com\/wp-content\/uploads\/2020\/07\/GPP_2-300x300.png\" alt=\"\" width=\"462\" height=\"462\" srcset=\"https:\/\/ielp.edu.bo\/wp-content\/uploads\/2020\/07\/GPP_2-300x300.png 300w, https:\/\/ielp.edu.bo\/wp-content\/uploads\/2020\/07\/GPP_2-150x150.png 150w\" sizes=\"auto, (max-width: 462px) 100vw, 462px\" \/><\/p>\n<p><img loading=\"lazy\" decoding=\"async\" class=\" wp-image-384 aligncenter\" src=\"http:\/\/coaaejito.com\/wp-content\/uploads\/2020\/07\/GPP_3-300x300.png\" alt=\"\" width=\"347\" height=\"347\" srcset=\"https:\/\/ielp.edu.bo\/wp-content\/uploads\/2020\/07\/GPP_3-300x300.png 300w, https:\/\/ielp.edu.bo\/wp-content\/uploads\/2020\/07\/GPP_3-150x150.png 150w\" sizes=\"auto, (max-width: 347px) 100vw, 347px\" \/><\/p>\n","protected":false},"excerpt":{"rendered":"<p>Carrera de Gas, Petr\u00f3leo y Procesos a nivel T\u00e9cnico Superior con T\u00edtulo en Provisi\u00f3n Nacional.<\/p>\n","protected":false},"author":1,"featured_media":387,"parent":0,"menu_order":0,"comment_status":"closed","ping_status":"closed","template":"","meta":{"footnotes":""},"class_list":["post-379","page","type-page","status-publish","has-post-thumbnail","hentry"],"_links":{"self":[{"href":"https:\/\/ielp.edu.bo\/index.php?rest_route=\/wp\/v2\/pages\/379","targetHints":{"allow":["GET"]}}],"collection":[{"href":"https:\/\/ielp.edu.bo\/index.php?rest_route=\/wp\/v2\/pages"}],"about":[{"href":"https:\/\/ielp.edu.bo\/index.php?rest_route=\/wp\/v2\/types\/page"}],"author":[{"embeddable":true,"href":"https:\/\/ielp.edu.bo\/index.php?rest_route=\/wp\/v2\/users\/1"}],"replies":[{"embeddable":true,"href":"https:\/\/ielp.edu.bo\/index.php?rest_route=%2Fwp%2Fv2%2Fcomments&post=379"}],"version-history":[{"count":4,"href":"https:\/\/ielp.edu.bo\/index.php?rest_route=\/wp\/v2\/pages\/379\/revisions"}],"predecessor-version":[{"id":388,"href":"https:\/\/ielp.edu.bo\/index.php?rest_route=\/wp\/v2\/pages\/379\/revisions\/388"}],"wp:featuredmedia":[{"embeddable":true,"href":"https:\/\/ielp.edu.bo\/index.php?rest_route=\/wp\/v2\/media\/387"}],"wp:attachment":[{"href":"https:\/\/ielp.edu.bo\/index.php?rest_route=%2Fwp%2Fv2%2Fmedia&parent=379"}],"curies":[{"name":"wp","href":"https:\/\/api.w.org\/{rel}","templated":true}]}}