{"id":390,"date":"2020-07-31T22:31:34","date_gmt":"2020-07-31T22:31:34","guid":{"rendered":"http:\/\/coaaejito.com\/?page_id=390"},"modified":"2020-08-06T20:19:08","modified_gmt":"2020-08-06T20:19:08","slug":"metalurgia-siderurgia-y-fundicion","status":"publish","type":"page","link":"https:\/\/ielp.edu.bo\/?page_id=390","title":{"rendered":"METALURGIA, SIDERURGIA Y FUNDICI\u00d3N"},"content":{"rendered":"<p style=\"text-align: center;\">INSTITUTO TECNOL\u00d3GICO INDUSTRIAL BRASIL \u2013 BOLIVIA<\/p>\n<p style=\"text-align: center;\">CARRERA METALURGIA, SIDERURGIA Y FUNDICI\u00d3N<\/p>\n<p><strong>PERFIL PROFESIONAL<\/strong><\/p>\n<p style=\"text-align: justify;\">El Profesional formado en la Carrera de Metalurgia, Siderurgia y Fundici\u00f3n tiene amplio conocimiento sobre los recursos renovables y no renovables que posee el pa\u00eds, con principios de \u00a0emprendimientos, iniciativas industriales, un alto sentido cr\u00edtico y fluidez para el establecimiento de relaciones interpersonales con el fin de organizar iniciativas comunitarias, tener iniciativa propia para desarrollar ideas cient\u00edficas e investigativas tener un alto sentido de responsabilidad con su entorno con el fin de desarrollar y consolidar medidas de mitigaci\u00f3n y control ambiental, tener un alto compromiso moral con el Pa\u00eds y aplicar sus conocimientos para el beneficio colectivo.<\/p>\n<p style=\"text-align: justify;\">Estas caracter\u00edsticas de la personalidad del profesional de esta carrera deben est\u00e1n acompa\u00f1adas de los conocimientos para desarrollar su actividad profesional tales como:<\/p>\n<ul>\n<li>\n<p style=\"text-align: justify;\">Un amplio conocimiento de los productos con valor agregado que requiere la industria en general.<\/p>\n<\/li>\n<li>\n<p style=\"text-align: justify;\">Debe tener un amplio conocimiento en las t\u00e9cnicas utilizadas para el beneficio y refinaci\u00f3n de los minerales tales como: procesos de conminuci\u00f3n; gravimetr\u00eda; centrifugaci\u00f3n; flotaci\u00f3n; hidrometalurgia; electrodeposici\u00f3n y electro refinaci\u00f3n; fusi\u00f3n directa y otros procesos (para minerales ferrosos y no ferrosos), modeler\u00eda y moldeo; fundici\u00f3n de piezas en Hornos el\u00e9ctricos y convencionales; procesos para la obtenci\u00f3n de aleaciones no ferrosas y aleaciones ferrosas y especiales; procesos de transformaci\u00f3n de metales (torner\u00eda, soldaduras); trabajo en cer\u00e1mica; fabricaci\u00f3n de vidrio; pol\u00edmeros; joyer\u00eda, concentraci\u00f3n de minerales.<\/p>\n<\/li>\n<li>\n<p style=\"text-align: justify;\">Conocimiento de la aplicaci\u00f3n de los procesos metal\u00fargicos en el control, mitigaci\u00f3n y remediaci\u00f3n de contaminantes.<\/p>\n<\/li>\n<li>\n<p style=\"text-align: justify;\">Asimismo, debe poseer conocimientos, habilidades y actitud, como: capacidad para resolver problemas, habilidad num\u00e9rica, capacidad de an\u00e1lisis y s\u00edntesis, conocimiento de ciencias b\u00e1sicas, f\u00edsica, matem\u00e1ticas, qu\u00edmica, mineral\u00f3gicas y metalogr\u00e1ficas.<\/p>\n<\/li>\n<\/ul>\n<p><strong>CAMPO LABORAL<\/strong><\/p>\n<p style=\"text-align: justify;\">El profesional T\u00e9cnico Superior en Metalurgia Siderurgia y Fundici\u00f3n concluido la etapa de su formaci\u00f3n podr\u00e1 desenvolverse en:<\/p>\n<ul>\n<li>Empresas de fundiciones de hierro, acero y aleaciones.<\/li>\n<li>Empresas de fundiciones no ferrosas.<\/li>\n<li>Control de hornos.<\/li>\n<li>Equipos y maquinarias para las acer\u00edas.<\/li>\n<li>Administraci\u00f3n y control de sistemas industriales.<\/li>\n<li>Industrias Minero-Metal\u00fargicas.<\/li>\n<li>Industria Automotriz, Ferroviaria y de Transporte en General.<\/li>\n<li>Industria de Automoci\u00f3n, aeron\u00e1utica, naval o aeroespacial.<\/li>\n<li>Instituciones de Educaci\u00f3n con intereses afines.<\/li>\n<li>Plantas de Concentraci\u00f3n de Minerales.<\/li>\n<li>Plantas Hidrometalurgias.<\/li>\n<li>Plantas de Fundici\u00f3n de minerales no-ferrosos.<\/li>\n<li>Plantas de Refinaci\u00f3n T\u00e9rmica y Electrol\u00edtica.<\/li>\n<li>Industrias de materiales (Vidrios, Cer\u00e1micas, pl\u00e1sticos, cemento, y otros).<\/li>\n<li>Industrias de metales preciosos.<\/li>\n<li>Comercializaci\u00f3n de minerales, metales y productos acabados.<\/li>\n<li>Empresas de recubrimientos met\u00e1licos.<\/li>\n<li>Empresas de metal mec\u00e1nica.<\/li>\n<li>Tambi\u00e9n puede instalar su propia fundici\u00f3n<\/li>\n<\/ul>\n<p style=\"text-align: justify;\">El profesional tambi\u00e9n puede elaborar en forma independiente su propio emprendimiento, ofreciendo sus productos y servicios en el mercado.<\/p>\n<p>TALLER DE ENSE\u00d1ANZA<\/p>\n<p><img loading=\"lazy\" decoding=\"async\" class=\" wp-image-497 aligncenter\" src=\"https:\/\/ielp.edu.bo\/wp-content\/uploads\/2020\/08\/MFS_1-300x300.jpeg\" alt=\"\" width=\"589\" height=\"589\" srcset=\"https:\/\/ielp.edu.bo\/wp-content\/uploads\/2020\/08\/MFS_1-300x300.jpeg 300w, https:\/\/ielp.edu.bo\/wp-content\/uploads\/2020\/08\/MFS_1-1024x1024.jpeg 1024w, https:\/\/ielp.edu.bo\/wp-content\/uploads\/2020\/08\/MFS_1-150x150.jpeg 150w\" sizes=\"auto, (max-width: 589px) 100vw, 589px\" \/><\/p>\n<p><img loading=\"lazy\" decoding=\"async\" class=\" wp-image-498 aligncenter\" src=\"https:\/\/ielp.edu.bo\/wp-content\/uploads\/2020\/08\/MFS_2-300x300.jpeg\" alt=\"\" width=\"593\" height=\"592\" srcset=\"https:\/\/ielp.edu.bo\/wp-content\/uploads\/2020\/08\/MFS_2-300x300.jpeg 300w, https:\/\/ielp.edu.bo\/wp-content\/uploads\/2020\/08\/MFS_2-150x150.jpeg 150w\" sizes=\"auto, (max-width: 593px) 100vw, 593px\" \/><\/p>\n<p>ACTIVIDADES<\/p>\n<p><img loading=\"lazy\" decoding=\"async\" class=\"aligncenter wp-image-499 \" src=\"https:\/\/ielp.edu.bo\/wp-content\/uploads\/2020\/08\/MFS_3.jpeg\" alt=\"\" width=\"693\" height=\"417\" srcset=\"https:\/\/ielp.edu.bo\/wp-content\/uploads\/2020\/08\/MFS_3.jpeg 960w, https:\/\/ielp.edu.bo\/wp-content\/uploads\/2020\/08\/MFS_3-768x462.jpeg 768w\" sizes=\"auto, (max-width: 693px) 100vw, 693px\" \/><\/p>\n<p><img loading=\"lazy\" decoding=\"async\" class=\"aligncenter wp-image-500 \" src=\"https:\/\/ielp.edu.bo\/wp-content\/uploads\/2020\/08\/MFS_4.jpeg\" alt=\"\" width=\"689\" height=\"405\" srcset=\"https:\/\/ielp.edu.bo\/wp-content\/uploads\/2020\/08\/MFS_4.jpeg 1080w, https:\/\/ielp.edu.bo\/wp-content\/uploads\/2020\/08\/MFS_4-768x452.jpeg 768w\" sizes=\"auto, (max-width: 689px) 100vw, 689px\" \/><\/p>\n<p><img loading=\"lazy\" decoding=\"async\" class=\"aligncenter wp-image-501 \" src=\"https:\/\/ielp.edu.bo\/wp-content\/uploads\/2020\/08\/MFS_5.jpeg\" alt=\"\" width=\"689\" height=\"335\" srcset=\"https:\/\/ielp.edu.bo\/wp-content\/uploads\/2020\/08\/MFS_5.jpeg 1080w, https:\/\/ielp.edu.bo\/wp-content\/uploads\/2020\/08\/MFS_5-768x373.jpeg 768w\" sizes=\"auto, (max-width: 689px) 100vw, 689px\" \/><\/p>\n","protected":false},"excerpt":{"rendered":"<p>Carrera de Metalurgia, Siderurgia y Fundici\u00f3n a nivel T\u00e9cnico Superior con T\u00edtulo en Provisi\u00f3n Nacional.<\/p>\n","protected":false},"author":1,"featured_media":394,"parent":0,"menu_order":0,"comment_status":"closed","ping_status":"closed","template":"","meta":{"footnotes":""},"class_list":["post-390","page","type-page","status-publish","has-post-thumbnail","hentry"],"_links":{"self":[{"href":"https:\/\/ielp.edu.bo\/index.php?rest_route=\/wp\/v2\/pages\/390","targetHints":{"allow":["GET"]}}],"collection":[{"href":"https:\/\/ielp.edu.bo\/index.php?rest_route=\/wp\/v2\/pages"}],"about":[{"href":"https:\/\/ielp.edu.bo\/index.php?rest_route=\/wp\/v2\/types\/page"}],"author":[{"embeddable":true,"href":"https:\/\/ielp.edu.bo\/index.php?rest_route=\/wp\/v2\/users\/1"}],"replies":[{"embeddable":true,"href":"https:\/\/ielp.edu.bo\/index.php?rest_route=%2Fwp%2Fv2%2Fcomments&post=390"}],"version-history":[{"count":7,"href":"https:\/\/ielp.edu.bo\/index.php?rest_route=\/wp\/v2\/pages\/390\/revisions"}],"predecessor-version":[{"id":506,"href":"https:\/\/ielp.edu.bo\/index.php?rest_route=\/wp\/v2\/pages\/390\/revisions\/506"}],"wp:featuredmedia":[{"embeddable":true,"href":"https:\/\/ielp.edu.bo\/index.php?rest_route=\/wp\/v2\/media\/394"}],"wp:attachment":[{"href":"https:\/\/ielp.edu.bo\/index.php?rest_route=%2Fwp%2Fv2%2Fmedia&parent=390"}],"curies":[{"name":"wp","href":"https:\/\/api.w.org\/{rel}","templated":true}]}}