{"id":740,"date":"2021-10-07T00:43:29","date_gmt":"2021-10-07T00:43:29","guid":{"rendered":"https:\/\/ielp.edu.bo\/?page_id=740"},"modified":"2021-10-07T01:16:50","modified_gmt":"2021-10-07T01:16:50","slug":"certificacion-mikrotik","status":"publish","type":"page","link":"https:\/\/ielp.edu.bo\/?page_id=740","title":{"rendered":"CERTIFICACI\u00d3N MIKROTIK"},"content":{"rendered":"\n<p class=\"has-text-align-center\"><strong>CERTIFICACIONES TECNOL\u00d3GICAS<\/strong><\/p>\n\n\n\n<p>El <strong>Instituto Tecnol\u00f3gico Industrial Brasil Bolivia<\/strong> de la Ciudad de El Alto en su misi\u00f3n de formar mejores personas, mejores profesionales tiene a disposici\u00f3n de su poblaci\u00f3n estudiantil, p\u00fablico en general&nbsp; y empresas,&nbsp; formaciones y certificaciones emitidas por fabricantes las cuales permiten validar los conocimientos en el uso de una herramienta en concreto.&nbsp;<\/p>\n\n\n\n<p><strong>MIKROTIK ACADEMY<\/strong><\/p>\n\n\n\n<p class=\"has-text-align-center\"><img loading=\"lazy\" decoding=\"async\" width=\"500\" height=\"186\" class=\"wp-image-749\" style=\"width: 500px;\" src=\"https:\/\/ielp.edu.bo\/wp-content\/uploads\/2021\/10\/logo.png\" alt=\"\" srcset=\"https:\/\/ielp.edu.bo\/wp-content\/uploads\/2021\/10\/logo.png 1219w, https:\/\/ielp.edu.bo\/wp-content\/uploads\/2021\/10\/logo-768x285.png 768w\" sizes=\"auto, (max-width: 500px) 100vw, 500px\" \/><\/p>\n\n\n\n<p>SIA Mikrotik es una empresa letona que produce equipos de red y software, conocidos internacionalmente como MikroTik RouterOS y RouterBOARD.<\/p>\n\n\n\n<p>El software RouterOS y los enrutadores RouterBOARD se utiliza ampliamente para garantizar numerosas tareas de administraci\u00f3n de red en sistemas complejos y redes empresariales. Ingenieros de redes con un buen conocimiento en MikroTik RouterOS est\u00e1n en alta demanda por empresas proveedoras de internet, compa\u00f1\u00edas privadas e integradores de sistemas en todo el mundo.<\/p>\n\n\n\n<p>El <strong>Instituto Tecnol\u00f3gico Industrial Brasil Bolivia<\/strong> de la Ciudad de El Alto es parte del grupo de instituciones a nivel mundial que son miembros del programa <strong>Mikrotik Academy<\/strong>, siendo el primero en Bolivia en el \u00e1rea de Educaci\u00f3n Superior T\u00e9cnica Tecnol\u00f3gica y uno de los primeros en la regi\u00f3n.<\/p>\n\n\n\n<p>Las certificaciones ofrecidas son:<\/p>\n\n\n\n<ul class=\"wp-block-list\"><li>MTCNA &#8211; MikroTik Certified Network Associate<\/li><\/ul>\n\n\n\n<p class=\"has-text-align-center\"><img loading=\"lazy\" decoding=\"async\" width=\"800\" height=\"530\" class=\"wp-image-741\" style=\"width: 800px;\" src=\"https:\/\/ielp.edu.bo\/wp-content\/uploads\/2021\/10\/mikrotik.png\" alt=\"\" srcset=\"https:\/\/ielp.edu.bo\/wp-content\/uploads\/2021\/10\/mikrotik.png 926w, https:\/\/ielp.edu.bo\/wp-content\/uploads\/2021\/10\/mikrotik-768x509.png 768w\" sizes=\"auto, (max-width: 800px) 100vw, 800px\" \/><\/p>\n\n\n\n<p><\/p>\n","protected":false},"excerpt":{"rendered":"<p>Formaciones y certificaciones emitidas por fabricantes las cuales permiten validar los conocimientos en el uso de una herramienta en concreto.<\/p>\n","protected":false},"author":1,"featured_media":0,"parent":0,"menu_order":0,"comment_status":"closed","ping_status":"closed","template":"","meta":{"footnotes":""},"class_list":["post-740","page","type-page","status-publish","hentry"],"_hostinger_reach_plugin_has_subscription_block":false,"_hostinger_reach_plugin_is_elementor":false,"_links":{"self":[{"href":"https:\/\/ielp.edu.bo\/index.php?rest_route=\/wp\/v2\/pages\/740","targetHints":{"allow":["GET"]}}],"collection":[{"href":"https:\/\/ielp.edu.bo\/index.php?rest_route=\/wp\/v2\/pages"}],"about":[{"href":"https:\/\/ielp.edu.bo\/index.php?rest_route=\/wp\/v2\/types\/page"}],"author":[{"embeddable":true,"href":"https:\/\/ielp.edu.bo\/index.php?rest_route=\/wp\/v2\/users\/1"}],"replies":[{"embeddable":true,"href":"https:\/\/ielp.edu.bo\/index.php?rest_route=%2Fwp%2Fv2%2Fcomments&post=740"}],"version-history":[{"count":2,"href":"https:\/\/ielp.edu.bo\/index.php?rest_route=\/wp\/v2\/pages\/740\/revisions"}],"predecessor-version":[{"id":750,"href":"https:\/\/ielp.edu.bo\/index.php?rest_route=\/wp\/v2\/pages\/740\/revisions\/750"}],"wp:attachment":[{"href":"https:\/\/ielp.edu.bo\/index.php?rest_route=%2Fwp%2Fv2%2Fmedia&parent=740"}],"curies":[{"name":"wp","href":"https:\/\/api.w.org\/{rel}","templated":true}]}}